{"id":17,"date":"2025-04-26T17:36:21","date_gmt":"2025-04-26T17:36:21","guid":{"rendered":"https:\/\/cafealineao.com\/home\/"},"modified":"2025-09-21T02:40:24","modified_gmt":"2025-09-21T02:40:24","slug":"home","status":"publish","type":"page","link":"https:\/\/cafealineao.com\/es\/","title":{"rendered":"Inicio"},"content":{"rendered":"<div data-elementor-type=\"wp-page\" data-elementor-id=\"17\" class=\"elementor elementor-17\">\n\t\t\t\t<div class=\"elementor-element elementor-element-39cc283 e-flex e-con-boxed e-con e-parent\" data-id=\"39cc283\" data-element_type=\"container\" data-settings=\"{&quot;background_background&quot;:&quot;slideshow&quot;,&quot;background_slideshow_gallery&quot;:[{&quot;id&quot;:1975,&quot;url&quot;:&quot;http:\\\/\\\/cafealineao.com\\\/wp-content\\\/uploads\\\/2025\\\/07\\\/Ambar-12-1-scaled-e1751639192253.webp&quot;},{&quot;id&quot;:2189,&quot;url&quot;:&quot;http:\\\/\\\/cafealineao.com\\\/wp-content\\\/uploads\\\/2025\\\/09\\\/20250823_110828-scaled.webp&quot;},{&quot;id&quot;:2107,&quot;url&quot;:&quot;http:\\\/\\\/cafealineao.com\\\/wp-content\\\/uploads\\\/2025\\\/07\\\/1000119939.webp&quot;},{&quot;id&quot;:2093,&quot;url&quot;:&quot;http:\\\/\\\/cafealineao.com\\\/wp-content\\\/uploads\\\/2025\\\/07\\\/1000119923-scaled.webp&quot;},{&quot;id&quot;:1905,&quot;url&quot;:&quot;http:\\\/\\\/cafealineao.com\\\/wp-content\\\/uploads\\\/2025\\\/06\\\/osteopathy-patient-getting-treatment-massage-1-scaled.webp&quot;},{&quot;id&quot;:230,&quot;url&quot;:&quot;http:\\\/\\\/cafealineao.com\\\/wp-content\\\/uploads\\\/2019\\\/11\\\/banner-02.jpg&quot;},{&quot;id&quot;:1903,&quot;url&quot;:&quot;http:\\\/\\\/cafealineao.com\\\/wp-content\\\/uploads\\\/2025\\\/06\\\/osteopathy-patoient-getting-tretment-massage-2-scaled.webp&quot;},{&quot;id&quot;:1906,&quot;url&quot;:&quot;http:\\\/\\\/cafealineao.com\\\/wp-content\\\/uploads\\\/2025\\\/06\\\/osteopathy-patoient-getting-tretment-massage-4-scaled-e1751639328594.webp&quot;},{&quot;id&quot;:1849,&quot;url&quot;:&quot;http:\\\/\\\/cafealineao.com\\\/wp-content\\\/uploads\\\/2025\\\/06\\\/osteopathy-patoient-getting-tretment-massage-1-scaled.webp&quot;},{&quot;id&quot;:89,&quot;url&quot;:&quot;http:\\\/\\\/cafealineao.com\\\/wp-content\\\/uploads\\\/2024\\\/12\\\/Hero-BG-scaled-1-e1751639244184.jpg&quot;}],&quot;background_slideshow_transition_duration&quot;:700,&quot;background_slideshow_loop&quot;:&quot;yes&quot;,&quot;background_slideshow_slide_duration&quot;:5000,&quot;background_slideshow_slide_transition&quot;:&quot;fade&quot;}\">\n\t\t\t\t\t<div class=\"e-con-inner\">\n\t\t<div class=\"elementor-element elementor-element-718999f e-con-full e-flex e-con e-child\" data-id=\"718999f\" data-element_type=\"container\">\n\t\t\t\t<div class=\"elementor-element elementor-element-c3ee571 elementor-widget elementor-widget-heading\" data-id=\"c3ee571\" data-element_type=\"widget\" data-widget_type=\"heading.default\">\n\t\t\t\t<div class=\"elementor-widget-container\">\n\t\t\t\t\t<h6 class=\"elementor-heading-title elementor-size-default\">Chiropractic and Esthetic CARE<\/h6>\t\t\t\t<\/div>\n\t\t\t\t<\/div>\n\t\t\t\t<div class=\"elementor-element elementor-element-1e91695 elementor-widget elementor-widget-heading\" data-id=\"1e91695\" data-element_type=\"widget\" data-widget_type=\"heading.default\">\n\t\t\t\t<div class=\"elementor-widget-container\">\n\t\t\t\t\t<h1 class=\"elementor-heading-title elementor-size-default\">Empieza a vivir tu \nvida m\u00e1s saludable<\/h1>\t\t\t\t<\/div>\n\t\t\t\t<\/div>\n\t\t\t\t<div class=\"elementor-element elementor-element-54718a7 elementor-widget elementor-widget-button\" data-id=\"54718a7\" data-element_type=\"widget\" data-widget_type=\"button.default\">\n\t\t\t\t<div class=\"elementor-widget-container\">\n\t\t\t\t\t\t\t\t\t<div class=\"elementor-button-wrapper\">\n\t\t\t\t\t<a class=\"elementor-button elementor-button-link elementor-size-sm\" href=\"https:\/\/cafealineao.com\/appointment\/\">\n\t\t\t\t\t\t<span class=\"elementor-button-content-wrapper\">\n\t\t\t\t\t\t\t\t\t<span class=\"elementor-button-text\">RESERVAR UNA CITA<\/span>\n\t\t\t\t\t<\/span>\n\t\t\t\t\t<\/a>\n\t\t\t\t<\/div>\n\t\t\t\t\t\t\t\t<\/div>\n\t\t\t\t<\/div>\n\t\t\t\t<\/div>\n\t\t\t\t\t<\/div>\n\t\t\t\t<\/div>\n\t\t<div class=\"elementor-element elementor-element-2f6ebe0 e-flex e-con-boxed e-con e-parent\" data-id=\"2f6ebe0\" data-element_type=\"container\">\n\t\t\t\t\t<div class=\"e-con-inner\">\n\t\t<div class=\"elementor-element elementor-element-ced3100 e-con-full e-flex e-con e-child\" data-id=\"ced3100\" data-element_type=\"container\">\n\t\t\t\t<div class=\"elementor-element elementor-element-6a19301 elementor-widget elementor-widget-image\" data-id=\"6a19301\" data-element_type=\"widget\" data-widget_type=\"image.default\">\n\t\t\t\t<div class=\"elementor-widget-container\">\n\t\t\t\t\t\t\t\t\t\t\t\t\t\t\t<img fetchpriority=\"high\" decoding=\"async\" width=\"1024\" height=\"907\" src=\"https:\/\/cafealineao.com\/wp-content\/uploads\/2025\/07\/Ambar-8-1024x907.webp\" class=\"attachment-large size-large wp-image-1948\" alt=\"\" srcset=\"https:\/\/cafealineao.com\/wp-content\/uploads\/2025\/07\/Ambar-8-1024x907.webp 1024w, https:\/\/cafealineao.com\/wp-content\/uploads\/2025\/07\/Ambar-8-300x266.webp 300w, https:\/\/cafealineao.com\/wp-content\/uploads\/2025\/07\/Ambar-8-768x680.webp 768w, https:\/\/cafealineao.com\/wp-content\/uploads\/2025\/07\/Ambar-8-1536x1360.webp 1536w, https:\/\/cafealineao.com\/wp-content\/uploads\/2025\/07\/Ambar-8-2048x1813.webp 2048w\" sizes=\"(max-width: 1024px) 100vw, 1024px\" \/>\t\t\t\t\t\t\t\t\t\t\t\t\t\t\t<\/div>\n\t\t\t\t<\/div>\n\t\t\t\t<\/div>\n\t\t<div class=\"elementor-element elementor-element-5d0c059 e-con-full e-flex e-con e-child\" data-id=\"5d0c059\" data-element_type=\"container\">\n\t\t\t\t<div class=\"elementor-element elementor-element-6106cac elementor-widget elementor-widget-heading\" data-id=\"6106cac\" data-element_type=\"widget\" data-widget_type=\"heading.default\">\n\t\t\t\t<div class=\"elementor-widget-container\">\n\t\t\t\t\t<h2 class=\"elementor-heading-title elementor-size-default\">Bienestar <br>Con <br>Cafe Alinea'o <\/h2>\t\t\t\t<\/div>\n\t\t\t\t<\/div>\n\t\t\t\t<div class=\"elementor-element elementor-element-a4f8e73 elementor-widget elementor-widget-text-editor\" data-id=\"a4f8e73\" data-element_type=\"widget\" data-widget_type=\"text-editor.default\">\n\t\t\t\t<div class=\"elementor-widget-container\">\n\t\t\t\t\t\t\t\t\t<p><span style=\"font-weight: 400;\">Somos una familia con experiencia diversa que sirve a la comunidad para que las personas reciban una atenci\u00f3n personalizada que favorezca su salud y calidad de vida. La quiropr\u00e1ctica, nuestro servicio principal, nos ayudar\u00e1 a transformar su vida por completo.<\/span><\/p>\t\t\t\t\t\t\t\t<\/div>\n\t\t\t\t<\/div>\n\t\t\t\t<\/div>\n\t\t\t\t\t<\/div>\n\t\t\t\t<\/div>\n\t\t<div class=\"elementor-element elementor-element-6cffba0 e-flex e-con-boxed e-con e-parent\" data-id=\"6cffba0\" data-element_type=\"container\" data-settings=\"{&quot;background_background&quot;:&quot;classic&quot;}\">\n\t\t\t\t\t<div class=\"e-con-inner\">\n\t\t\t\t<div class=\"elementor-element elementor-element-a026600 elementor-widget elementor-widget-heading\" data-id=\"a026600\" data-element_type=\"widget\" data-widget_type=\"heading.default\">\n\t\t\t\t<div class=\"elementor-widget-container\">\n\t\t\t\t\t<h6 class=\"elementor-heading-title elementor-size-default\">Nuestros servicios<\/h6>\t\t\t\t<\/div>\n\t\t\t\t<\/div>\n\t\t\t\t<div class=\"elementor-element elementor-element-cec0000 elementor-widget elementor-widget-heading\" data-id=\"cec0000\" data-element_type=\"widget\" data-widget_type=\"heading.default\">\n\t\t\t\t<div class=\"elementor-widget-container\">\n\t\t\t\t\t<h2 class=\"elementor-heading-title elementor-size-default\">Crea la vida que quieres<\/h2>\t\t\t\t<\/div>\n\t\t\t\t<\/div>\n\t\t<div class=\"elementor-element elementor-element-74b8563 e-con-full e-flex e-con e-child\" data-id=\"74b8563\" data-element_type=\"container\">\n\t\t<div class=\"elementor-element elementor-element-fa17788 e-con-full e-flex e-con e-child\" data-id=\"fa17788\" data-element_type=\"container\">\n\t\t\t\t<div class=\"elementor-element elementor-element-310a437 elementor-widget elementor-widget-image\" data-id=\"310a437\" data-element_type=\"widget\" data-widget_type=\"image.default\">\n\t\t\t\t<div class=\"elementor-widget-container\">\n\t\t\t\t\t\t\t\t\t\t\t\t\t\t\t<img decoding=\"async\" width=\"1024\" height=\"683\" src=\"https:\/\/cafealineao.com\/wp-content\/uploads\/2025\/07\/1000119923-1024x683.webp\" class=\"attachment-large size-large wp-image-2093\" alt=\"\" srcset=\"https:\/\/cafealineao.com\/wp-content\/uploads\/2025\/07\/1000119923-1024x683.webp 1024w, https:\/\/cafealineao.com\/wp-content\/uploads\/2025\/07\/1000119923-300x200.webp 300w, https:\/\/cafealineao.com\/wp-content\/uploads\/2025\/07\/1000119923-768x512.webp 768w, https:\/\/cafealineao.com\/wp-content\/uploads\/2025\/07\/1000119923-1536x1024.webp 1536w, https:\/\/cafealineao.com\/wp-content\/uploads\/2025\/07\/1000119923-2048x1365.webp 2048w, https:\/\/cafealineao.com\/wp-content\/uploads\/2025\/07\/1000119923-18x12.webp 18w\" sizes=\"(max-width: 1024px) 100vw, 1024px\" \/>\t\t\t\t\t\t\t\t\t\t\t\t\t\t\t<\/div>\n\t\t\t\t<\/div>\n\t\t<div class=\"elementor-element elementor-element-f4c7107 e-con-full e-flex e-con e-child\" data-id=\"f4c7107\" data-element_type=\"container\" data-settings=\"{&quot;background_background&quot;:&quot;classic&quot;}\">\n\t\t\t\t<div class=\"elementor-element elementor-element-150b81a elementor-widget elementor-widget-heading\" data-id=\"150b81a\" data-element_type=\"widget\" data-widget_type=\"heading.default\">\n\t\t\t\t<div class=\"elementor-widget-container\">\n\t\t\t\t\t<h5 class=\"elementor-heading-title elementor-size-default\">Visita quiropr\u00e1ctica<\/h5>\t\t\t\t<\/div>\n\t\t\t\t<\/div>\n\t\t\t\t<div class=\"elementor-element elementor-element-f82a203 elementor-widget elementor-widget-text-editor\" data-id=\"f82a203\" data-element_type=\"widget\" data-widget_type=\"text-editor.default\">\n\t\t\t\t<div class=\"elementor-widget-container\">\n\t\t\t\t\t\t\t\t\t<p>Evaluaremos sus necesidades y le ofreceremos el mejor tratamiento para que se sienta en su mejor versi\u00f3n y sin dolor. Nuestros servicios quiropr\u00e1cticos incluyen:<\/p><ul><li>Visitas iniciales<\/li><li>Informe de hallazgos<\/li><li>Ajustes y reevaluaciones<\/li><\/ul><p><strong>Desde: $70 \u2013 $120<\/strong><\/p>\t\t\t\t\t\t\t\t<\/div>\n\t\t\t\t<\/div>\n\t\t\t\t<div class=\"elementor-element elementor-element-f221687 elementor-widget elementor-widget-button\" data-id=\"f221687\" data-element_type=\"widget\" data-widget_type=\"button.default\">\n\t\t\t\t<div class=\"elementor-widget-container\">\n\t\t\t\t\t\t\t\t\t<div class=\"elementor-button-wrapper\">\n\t\t\t\t\t<a class=\"elementor-button elementor-button-link elementor-size-sm\" href=\"https:\/\/cafealineao.com\/appointment\/\">\n\t\t\t\t\t\t<span class=\"elementor-button-content-wrapper\">\n\t\t\t\t\t\t\t\t\t<span class=\"elementor-button-text\">RESERVAR UNA CITA<\/span>\n\t\t\t\t\t<\/span>\n\t\t\t\t\t<\/a>\n\t\t\t\t<\/div>\n\t\t\t\t\t\t\t\t<\/div>\n\t\t\t\t<\/div>\n\t\t\t\t<\/div>\n\t\t\t\t<\/div>\n\t\t<div class=\"elementor-element elementor-element-c670dac e-con-full e-flex e-con e-child\" data-id=\"c670dac\" data-element_type=\"container\">\n\t\t\t\t<div class=\"elementor-element elementor-element-b3bb3a5 elementor-widget elementor-widget-image\" data-id=\"b3bb3a5\" data-element_type=\"widget\" data-widget_type=\"image.default\">\n\t\t\t\t<div class=\"elementor-widget-container\">\n\t\t\t\t\t\t\t\t\t\t\t\t\t\t\t<img decoding=\"async\" width=\"2560\" height=\"1710\" src=\"https:\/\/cafealineao.com\/wp-content\/uploads\/2025\/09\/Mud-Mask-scaled.webp\" class=\"attachment-full size-full wp-image-2199\" alt=\"\" srcset=\"https:\/\/cafealineao.com\/wp-content\/uploads\/2025\/09\/Mud-Mask-scaled.webp 2560w, https:\/\/cafealineao.com\/wp-content\/uploads\/2025\/09\/Mud-Mask-300x200.webp 300w, https:\/\/cafealineao.com\/wp-content\/uploads\/2025\/09\/Mud-Mask-1024x684.webp 1024w, https:\/\/cafealineao.com\/wp-content\/uploads\/2025\/09\/Mud-Mask-768x513.webp 768w, https:\/\/cafealineao.com\/wp-content\/uploads\/2025\/09\/Mud-Mask-1536x1026.webp 1536w, https:\/\/cafealineao.com\/wp-content\/uploads\/2025\/09\/Mud-Mask-2048x1368.webp 2048w, https:\/\/cafealineao.com\/wp-content\/uploads\/2025\/09\/Mud-Mask-18x12.webp 18w\" sizes=\"(max-width: 2560px) 100vw, 2560px\" \/>\t\t\t\t\t\t\t\t\t\t\t\t\t\t\t<\/div>\n\t\t\t\t<\/div>\n\t\t<div class=\"elementor-element elementor-element-8c782ff e-con-full e-flex e-con e-child\" data-id=\"8c782ff\" data-element_type=\"container\" data-settings=\"{&quot;background_background&quot;:&quot;classic&quot;}\">\n\t\t\t\t<div class=\"elementor-element elementor-element-1449a25 elementor-widget elementor-widget-heading\" data-id=\"1449a25\" data-element_type=\"widget\" data-widget_type=\"heading.default\">\n\t\t\t\t<div class=\"elementor-widget-container\">\n\t\t\t\t\t<h5 class=\"elementor-heading-title elementor-size-default\">Cuidado est\u00e9tico<\/h5>\t\t\t\t<\/div>\n\t\t\t\t<\/div>\n\t\t\t\t<div class=\"elementor-element elementor-element-ca7dc0a elementor-widget elementor-widget-text-editor\" data-id=\"ca7dc0a\" data-element_type=\"widget\" data-widget_type=\"text-editor.default\">\n\t\t\t\t<div class=\"elementor-widget-container\">\n\t\t\t\t\t\t\t\t\t<p>A trav\u00e9s de planes de cuidado de la piel personalizados, tratamientos, consejos de salud y cuidado de la piel, nos centramos en resultados sostenibles y su bienestar general:<\/p><ul><li>Tratamientos faciales<\/li><li>Masajes<\/li><li>Tratamiento de forma corporal<\/li><\/ul><p><strong>Desde: $69 \u2013 $150<\/strong><\/p>\t\t\t\t\t\t\t\t<\/div>\n\t\t\t\t<\/div>\n\t\t\t\t<div class=\"elementor-element elementor-element-1fbd31c elementor-widget elementor-widget-button\" data-id=\"1fbd31c\" data-element_type=\"widget\" data-widget_type=\"button.default\">\n\t\t\t\t<div class=\"elementor-widget-container\">\n\t\t\t\t\t\t\t\t\t<div class=\"elementor-button-wrapper\">\n\t\t\t\t\t<a class=\"elementor-button elementor-button-link elementor-size-sm\" href=\"https:\/\/cafealineao.com\/appointment\/\">\n\t\t\t\t\t\t<span class=\"elementor-button-content-wrapper\">\n\t\t\t\t\t\t\t\t\t<span class=\"elementor-button-text\">RESERVAR UNA CITA<\/span>\n\t\t\t\t\t<\/span>\n\t\t\t\t\t<\/a>\n\t\t\t\t<\/div>\n\t\t\t\t\t\t\t\t<\/div>\n\t\t\t\t<\/div>\n\t\t\t\t<\/div>\n\t\t\t\t<\/div>\n\t\t\t\t<\/div>\n\t\t\t\t\t<\/div>\n\t\t\t\t<\/div>\n\t\t<div class=\"elementor-element elementor-element-0cfdfcd e-flex e-con-boxed e-con e-parent\" data-id=\"0cfdfcd\" data-element_type=\"container\">\n\t\t\t\t\t<div class=\"e-con-inner\">\n\t\t<div class=\"elementor-element elementor-element-a1c66d9 e-con-full e-flex e-con e-child\" data-id=\"a1c66d9\" data-element_type=\"container\">\n\t\t\t\t<div class=\"elementor-element elementor-element-684cc98 elementor-widget elementor-widget-image\" data-id=\"684cc98\" data-element_type=\"widget\" data-widget_type=\"image.default\">\n\t\t\t\t<div class=\"elementor-widget-container\">\n\t\t\t\t\t\t\t\t\t\t\t\t\t\t\t<img loading=\"lazy\" decoding=\"async\" width=\"1182\" height=\"1842\" src=\"https:\/\/cafealineao.com\/wp-content\/uploads\/2025\/09\/20250823_110915-scaled-e1757508433151.webp\" class=\"attachment-full size-full wp-image-2191\" alt=\"\" srcset=\"https:\/\/cafealineao.com\/wp-content\/uploads\/2025\/09\/20250823_110915-scaled-e1757508433151.webp 1182w, https:\/\/cafealineao.com\/wp-content\/uploads\/2025\/09\/20250823_110915-scaled-e1757508433151-193x300.webp 193w, https:\/\/cafealineao.com\/wp-content\/uploads\/2025\/09\/20250823_110915-scaled-e1757508433151-657x1024.webp 657w, https:\/\/cafealineao.com\/wp-content\/uploads\/2025\/09\/20250823_110915-scaled-e1757508433151-768x1197.webp 768w, https:\/\/cafealineao.com\/wp-content\/uploads\/2025\/09\/20250823_110915-scaled-e1757508433151-986x1536.webp 986w, https:\/\/cafealineao.com\/wp-content\/uploads\/2025\/09\/20250823_110915-scaled-e1757508433151-8x12.webp 8w\" sizes=\"(max-width: 1182px) 100vw, 1182px\" \/>\t\t\t\t\t\t\t\t\t\t\t\t\t\t\t<\/div>\n\t\t\t\t<\/div>\n\t\t\t\t<\/div>\n\t\t<div class=\"elementor-element elementor-element-4ca0790 e-con-full e-flex e-con e-child\" data-id=\"4ca0790\" data-element_type=\"container\">\n\t\t\t\t<div class=\"elementor-element elementor-element-a106630 elementor-widget elementor-widget-heading\" data-id=\"a106630\" data-element_type=\"widget\" data-widget_type=\"heading.default\">\n\t\t\t\t<div class=\"elementor-widget-container\">\n\t\t\t\t\t<h2 class=\"elementor-heading-title elementor-size-default\">Cambia tu vida a trav\u00e9s de la sanaci\u00f3n hol\u00edstica<\/h2>\t\t\t\t<\/div>\n\t\t\t\t<\/div>\n\t\t\t\t<div class=\"elementor-element elementor-element-ee10e60 elementor-widget elementor-widget-text-editor\" data-id=\"ee10e60\" data-element_type=\"widget\" data-widget_type=\"text-editor.default\">\n\t\t\t\t<div class=\"elementor-widget-container\">\n\t\t\t\t\t\t\t\t\t<p>Ayudamos a nuestros clientes a transformar su salud mediante programas personalizados y chequeos regulares. Hemos guiado a muchos hacia una mejor salud y bienestar enfoc\u00e1ndonos en cambios peque\u00f1os y manejables que conducen a resultados duraderos.<\/p>\t\t\t\t\t\t\t\t<\/div>\n\t\t\t\t<\/div>\n\t\t\t\t<div class=\"elementor-element elementor-element-1a33dc0 elementor-widget elementor-widget-button\" data-id=\"1a33dc0\" data-element_type=\"widget\" data-widget_type=\"button.default\">\n\t\t\t\t<div class=\"elementor-widget-container\">\n\t\t\t\t\t\t\t\t\t<div class=\"elementor-button-wrapper\">\n\t\t\t\t\t<a class=\"elementor-button elementor-button-link elementor-size-sm\" href=\"https:\/\/cafealineao.com\/contact\/\">\n\t\t\t\t\t\t<span class=\"elementor-button-content-wrapper\">\n\t\t\t\t\t\t\t\t\t<span class=\"elementor-button-text\">CONT\u00c1CTENOS<\/span>\n\t\t\t\t\t<\/span>\n\t\t\t\t\t<\/a>\n\t\t\t\t<\/div>\n\t\t\t\t\t\t\t\t<\/div>\n\t\t\t\t<\/div>\n\t\t\t\t<\/div>\n\t\t\t\t\t<\/div>\n\t\t\t\t<\/div>\n\t\t\t\t<\/div>","protected":false},"excerpt":{"rendered":"<p>Chiropractic and Esthetic CARE Start living your healthiest life BOOK AN APPOINTMENT Wellness With Cafe Alinea&#8217;o We are a family [&hellip;]<\/p>","protected":false},"author":1,"featured_media":0,"parent":0,"menu_order":0,"comment_status":"closed","ping_status":"closed","template":"","meta":{"_uag_custom_page_level_css":"","site-sidebar-layout":"no-sidebar","site-content-layout":"","ast-site-content-layout":"full-width-container","site-content-style":"default","site-sidebar-style":"default","ast-global-header-display":"","ast-banner-title-visibility":"","ast-main-header-display":"","ast-hfb-above-header-display":"","ast-hfb-below-header-display":"","ast-hfb-mobile-header-display":"","site-post-title":"disabled","ast-breadcrumbs-content":"","ast-featured-img":"","footer-sml-layout":"","theme-transparent-header-meta":"","adv-header-id-meta":"","stick-header-meta":"","header-above-stick-meta":"","header-main-stick-meta":"","header-below-stick-meta":"","astra-migrate-meta-layouts":"default","ast-page-background-enabled":"default","ast-page-background-meta":{"desktop":{"background-color":"var(--ast-global-color-4)","background-image":"","background-repeat":"repeat","background-position":"center center","background-size":"auto","background-attachment":"scroll","background-type":"","background-media":"","overlay-type":"","overlay-color":"","overlay-opacity":"","overlay-gradient":""},"tablet":{"background-color":"","background-image":"","background-repeat":"repeat","background-position":"center center","background-size":"auto","background-attachment":"scroll","background-type":"","background-media":"","overlay-type":"","overlay-color":"","overlay-opacity":"","overlay-gradient":""},"mobile":{"background-color":"","background-image":"","background-repeat":"repeat","background-position":"center center","background-size":"auto","background-attachment":"scroll","background-type":"","background-media":"","overlay-type":"","overlay-color":"","overlay-opacity":"","overlay-gradient":""}},"ast-content-background-meta":{"desktop":{"background-color":"var(--ast-global-color-5)","background-image":"","background-repeat":"repeat","background-position":"center center","background-size":"auto","background-attachment":"scroll","background-type":"","background-media":"","overlay-type":"","overlay-color":"","overlay-opacity":"","overlay-gradient":""},"tablet":{"background-color":"var(--ast-global-color-5)","background-image":"","background-repeat":"repeat","background-position":"center center","background-size":"auto","background-attachment":"scroll","background-type":"","background-media":"","overlay-type":"","overlay-color":"","overlay-opacity":"","overlay-gradient":""},"mobile":{"background-color":"var(--ast-global-color-5)","background-image":"","background-repeat":"repeat","background-position":"center center","background-size":"auto","background-attachment":"scroll","background-type":"","background-media":"","overlay-type":"","overlay-color":"","overlay-opacity":"","overlay-gradient":""}},"footnotes":""},"class_list":["post-17","page","type-page","status-publish","hentry"],"aioseo_notices":[],"uagb_featured_image_src":{"full":false,"thumbnail":false,"medium":false,"medium_large":false,"large":false,"1536x1536":false,"2048x2048":false,"trp-custom-language-flag":false},"uagb_author_info":{"display_name":"takudzwarioga@gmail.com","author_link":"https:\/\/cafealineao.com\/es\/author\/takudzwariogagmail-com\/"},"uagb_comment_info":0,"uagb_excerpt":"Chiropractic and Esthetic CARE Start living your healthiest life BOOK AN APPOINTMENT Wellness With Cafe Alinea&#8217;o We are a family [&hellip;]","_links":{"self":[{"href":"https:\/\/cafealineao.com\/es\/wp-json\/wp\/v2\/pages\/17","targetHints":{"allow":["GET"]}}],"collection":[{"href":"https:\/\/cafealineao.com\/es\/wp-json\/wp\/v2\/pages"}],"about":[{"href":"https:\/\/cafealineao.com\/es\/wp-json\/wp\/v2\/types\/page"}],"author":[{"embeddable":true,"href":"https:\/\/cafealineao.com\/es\/wp-json\/wp\/v2\/users\/1"}],"replies":[{"embeddable":true,"href":"https:\/\/cafealineao.com\/es\/wp-json\/wp\/v2\/comments?post=17"}],"version-history":[{"count":0,"href":"https:\/\/cafealineao.com\/es\/wp-json\/wp\/v2\/pages\/17\/revisions"}],"wp:attachment":[{"href":"https:\/\/cafealineao.com\/es\/wp-json\/wp\/v2\/media?parent=17"}],"curies":[{"name":"wp","href":"https:\/\/api.w.org\/{rel}","templated":true}]}}